{"id":10,"date":"2026-02-08T14:26:18","date_gmt":"2026-02-08T14:26:18","guid":{"rendered":"https:\/\/centrumpure.us.edu.pl\/?page_id=10"},"modified":"2026-02-08T20:26:58","modified_gmt":"2026-02-08T20:26:58","slug":"szkolenia","status":"publish","type":"page","link":"https:\/\/centrumpure.us.edu.pl\/index.php\/szkolenia\/","title":{"rendered":"Szkolenia"},"content":{"rendered":"\n<p><strong>Rozwijaj kompetencje z liderem szkole\u0144 prawniczych!<\/strong><br>Nasze Centrum oferuje&nbsp;<strong>wysokospecjalistyczne szkolenia<\/strong>&nbsp;z zakresu&nbsp;<strong>prawa upad\u0142o\u015bciowego, restrukturyzacyjnego oraz egzekucyjnego<\/strong>, tworzone przez ekspert\u00f3w z wieloletnim do\u015bwiadczeniem. Stawiamy na praktyk\u0119, aktualne orzecznictwo i narz\u0119dzia, kt\u00f3re realnie wspieraj\u0105 codzienn\u0105 prac\u0119 profesjonalist\u00f3w rynku prawnego i finansowego.<\/p>\n\n\n\n<p>Ju\u017c wkr\u00f3tce zaprezentujemy&nbsp;<strong>premierowy harmonogram szkole\u0144 na 2026 rok<\/strong>&nbsp;\u2013 z nowymi tematami, rozszerzonymi modu\u0142ami i formatami odpowiadaj\u0105cymi na potrzeby dynamicznie zmieniaj\u0105cej si\u0119 rzeczywisto\u015bci.<\/p>\n\n\n\n<p><strong>B\u0105d\u017a na bie\u017c\u0105co i przygotuj si\u0119 na kolejn\u0105 porcj\u0119 warto\u015bciowej wiedzy!<\/strong><\/p>\n","protected":false},"excerpt":{"rendered":"<p>Rozwijaj kompetencje z liderem szkole\u0144 prawniczych!Nasze Centrum oferuje&nbsp;wysokospecjalistyczne szkolenia&nbsp;z zakresu&nbsp;prawa upad\u0142o\u015bciowego, restrukturyzacyjnego oraz egzekucyjnego, tworzone przez ekspert\u00f3w z wieloletnim do\u015bwiadczeniem. Stawiamy na praktyk\u0119, aktualne orzecznictwo i narz\u0119dzia, kt\u00f3re realnie wspieraj\u0105 codzienn\u0105 prac\u0119 profesjonalist\u00f3w rynku prawnego i finansowego. Ju\u017c wkr\u00f3tce zaprezentujemy&nbsp;premierowy harmonogram szkole\u0144 na 2026 rok&nbsp;\u2013 z nowymi tematami, rozszerzonymi modu\u0142ami i formatami odpowiadaj\u0105cymi na potrzeby [&hellip;]<\/p>\n","protected":false},"author":1,"featured_media":0,"parent":0,"menu_order":0,"comment_status":"closed","ping_status":"closed","template":"","meta":{"footnotes":""},"class_list":["post-10","page","type-page","status-publish","hentry"],"_links":{"self":[{"href":"https:\/\/centrumpure.us.edu.pl\/index.php\/wp-json\/wp\/v2\/pages\/10","targetHints":{"allow":["GET"]}}],"collection":[{"href":"https:\/\/centrumpure.us.edu.pl\/index.php\/wp-json\/wp\/v2\/pages"}],"about":[{"href":"https:\/\/centrumpure.us.edu.pl\/index.php\/wp-json\/wp\/v2\/types\/page"}],"author":[{"embeddable":true,"href":"https:\/\/centrumpure.us.edu.pl\/index.php\/wp-json\/wp\/v2\/users\/1"}],"replies":[{"embeddable":true,"href":"https:\/\/centrumpure.us.edu.pl\/index.php\/wp-json\/wp\/v2\/comments?post=10"}],"version-history":[{"count":2,"href":"https:\/\/centrumpure.us.edu.pl\/index.php\/wp-json\/wp\/v2\/pages\/10\/revisions"}],"predecessor-version":[{"id":64,"href":"https:\/\/centrumpure.us.edu.pl\/index.php\/wp-json\/wp\/v2\/pages\/10\/revisions\/64"}],"wp:attachment":[{"href":"https:\/\/centrumpure.us.edu.pl\/index.php\/wp-json\/wp\/v2\/media?parent=10"}],"curies":[{"name":"wp","href":"https:\/\/api.w.org\/{rel}","templated":true}]}}