{"id":104,"date":"2026-04-12T20:17:18","date_gmt":"2026-04-12T20:17:18","guid":{"rendered":"https:\/\/centrumpure.us.edu.pl\/index.php\/ekspertyzy-i-opinie-prawne\/"},"modified":"2026-04-17T20:05:50","modified_gmt":"2026-04-17T20:05:50","slug":"ekspertyzy-i-opinie-prawne","status":"publish","type":"page","link":"https:\/\/centrumpure.us.edu.pl\/index.php\/ekspertyzy-i-opinie-prawne\/","title":{"rendered":"Ekspertyzy i Opinie Prawne"},"content":{"rendered":"\n<h2 class=\"wp-block-heading has-text-align-center\"><strong>Ekspertyzy i Opinie Prawne<\/strong><\/h2>\n\n\n\n<p class=\"has-text-align-center\"><strong>Na naszej stronie internetowej mog\u0105 Pa\u0144stwo zapozna\u0107 si\u0119 z najnowszymi opiniami naszych ekspert\u00f3w dotycz\u0105cych najistotniejszych kwestii dotycz\u0105cych praktyki prawa upad\u0142o\u015bciowego, restrukturyzacyjnego i egzekucyjnego.<\/strong><\/p>\n\n\n\n<div style=\"height:100px\" aria-hidden=\"true\" class=\"wp-block-spacer\"><\/div>\n\n\n\n<h2 class=\"wp-block-heading\">S\u0105d Najwy\u017cszy: pozew o ustalenie niewa\u017cno\u015bci umowy nie podlega wy\u0142\u0105czno\u015bci post\u0119powania upad\u0142o\u015bciowego<\/h2>\n\n\n\n<p>W postanowieniu z 11 marca 2026 r. (I CSK 302\/25) S\u0105d Najwy\u017cszy potwierdzi\u0142, \u017ce pow\u00f3dztwo o ustalenie nieistnienia stosunku prawnego z umowy kredytu wytoczone przeciwko bankowi, kt\u00f3ry og\u0142osi\u0142 upad\u0142o\u015b\u0107,&nbsp;<strong>nie jest spraw\u0105 o wierzytelno\u015b\u0107<\/strong>podlegaj\u0105c\u0105 zg\u0142oszeniu do masy upad\u0142o\u015bci.<\/p>\n\n\n\n<p>SN uzna\u0142, \u017ce art. 145 ust. 1 Prawa upad\u0142o\u015bciowego dotyczy wy\u0142\u0105cznie roszcze\u0144, kt\u00f3re mog\u0105 by\u0107 uj\u0119te na li\u015bcie wierzytelno\u015bci, a \u017c\u0105danie ustalenia niewa\u017cno\u015bci umowy nie ma w post\u0119powaniu upad\u0142o\u015bciowym odpowiedniego mechanizmu zast\u0119pczego. W konsekwencji post\u0119powanie cywilne mo\u017ce by\u0107 po og\u0142oszeniu upad\u0142o\u015bci&nbsp;<strong>podj\u0119te z udzia\u0142em syndyka<\/strong>, bez konieczno\u015bci oczekiwania na zako\u0144czenie procedury zg\u0142oszenia wierzytelno\u015bci.<\/p>\n\n\n\n<p>Orzeczenie potwierdza wcze\u015bniejsze stanowisko wyra\u017cone w uchwale SN z 19 wrze\u015bnia 2024 r. (III CZP 5\/24) i wzmacnia ochron\u0119 prawa do s\u0105du. Jednocze\u015bnie pozostaje aktualny problem praktyczny dotycz\u0105cy konieczno\u015bci r\u00f3wnoleg\u0142ego zg\u0142aszania wierzytelno\u015bci do masy upad\u0142o\u015bci oraz prowadzenia post\u0119powania o ustalenie niewa\u017cno\u015bci umowy, kt\u00f3ry nie zosta\u0142 dotychczas jednoznacznie rozstrzygni\u0119ty w orzecznictwie.<\/p>\n\n\n\n<p>Pe\u0142na tre\u015b\u0107 podsumowania wraz z komentarzem ekspert\u00f3w naszego centrum dost\u0119pna jest <a href=\"https:\/\/centrumpure.us.edu.pl\/wp-content\/uploads\/2026\/04\/I-CSK-302_25_podsumowanie_16_04_2026-r.docx\">tutaj.<\/a><\/p>\n\n\n\n<p><\/p>\n\n\n\n<h2 class=\"wp-block-heading has-text-align-center\"><strong>Wyrok TSUE<\/strong> <strong>C\u2011394\/22, Oilchart International NV<\/strong><\/h2>\n\n\n\n<p>TSUE potwierdzi\u0142, \u017ce&nbsp;<strong>wierzyciel mo\u017ce jednocze\u015bnie zg\u0142osi\u0107 wierzytelno\u015b\u0107 do post\u0119powania upad\u0142o\u015bciowego w jednym pa\u0144stwie cz\u0142onkowskim oraz dochodzi\u0107 jej przed s\u0105dem innego pa\u0144stwa<\/strong>, je\u017celi roszczenie nie wynika bezpo\u015brednio z prawa upad\u0142o\u015bciowego.<\/p>\n\n\n\n<p>Ma to szczeg\u00f3lne znaczenie w praktyce spor\u00f3w opartych na&nbsp;<strong>gwarancjach bankowych<\/strong>, gdzie uzyskanie \u015bwiadczenia od gwaranta bywa uzale\u017cnione od posiadania wyroku przeciwko d\u0142u\u017cnikowi.<\/p>\n\n\n\n<p>Trybuna\u0142 zachowa\u0142 jednak r\u00f3wnowag\u0119 systemow\u0105:<\/p>\n\n\n\n<ul class=\"wp-block-list\">\n<li>zagraniczny wyrok&nbsp;<strong>nie wywiera skutk\u00f3w w samym post\u0119powaniu upad\u0142o\u015bciowym<\/strong>,<\/li>\n\n\n\n<li><strong>nie wi\u0105\u017ce syndyka<\/strong>&nbsp;i&nbsp;<strong>nie podlega egzekucji<\/strong>&nbsp;w pa\u0144stwie og\u0142oszenia upad\u0142o\u015bci,<\/li>\n\n\n\n<li>ale mo\u017ce umo\u017cliwi\u0107 wierzycielowi&nbsp;<strong>zaspokojenie z maj\u0105tku os\u00f3b trzecich<\/strong>.<\/li>\n<\/ul>\n\n\n\n<p>To przyk\u0142ad&nbsp;<strong>pragmatycznego podej\u015bcia TSUE<\/strong>, kt\u00f3re wzmacnia pozycj\u0119 wierzycieli, nie naruszaj\u0105c podstawowych zasad jurysdykcji i koncentracji post\u0119powania upad\u0142o\u015bciowego. <\/p>\n\n\n\n<p>Pe\u0142na tre\u015b\u0107 podsumowania wyroku dost\u0119pna jest <a href=\"https:\/\/centrumpure.us.edu.pl\/wp-content\/uploads\/2026\/04\/Wyrok-TSUEC39422.docx\">tutaj<\/a>.<\/p>\n","protected":false},"excerpt":{"rendered":"<p>Ekspertyzy i Opinie Prawne Na naszej stronie internetowej mog\u0105 Pa\u0144stwo zapozna\u0107 si\u0119 z najnowszymi opiniami naszych ekspert\u00f3w dotycz\u0105cych najistotniejszych kwestii dotycz\u0105cych praktyki prawa upad\u0142o\u015bciowego, restrukturyzacyjnego i egzekucyjnego. S\u0105d Najwy\u017cszy: pozew o ustalenie niewa\u017cno\u015bci umowy nie podlega wy\u0142\u0105czno\u015bci post\u0119powania upad\u0142o\u015bciowego W postanowieniu z 11 marca 2026 r. (I CSK 302\/25) S\u0105d Najwy\u017cszy potwierdzi\u0142, \u017ce pow\u00f3dztwo o [&hellip;]<\/p>\n","protected":false},"author":1,"featured_media":0,"parent":0,"menu_order":0,"comment_status":"closed","ping_status":"closed","template":"","meta":{"footnotes":""},"class_list":["post-104","page","type-page","status-publish","hentry"],"_links":{"self":[{"href":"https:\/\/centrumpure.us.edu.pl\/index.php\/wp-json\/wp\/v2\/pages\/104","targetHints":{"allow":["GET"]}}],"collection":[{"href":"https:\/\/centrumpure.us.edu.pl\/index.php\/wp-json\/wp\/v2\/pages"}],"about":[{"href":"https:\/\/centrumpure.us.edu.pl\/index.php\/wp-json\/wp\/v2\/types\/page"}],"author":[{"embeddable":true,"href":"https:\/\/centrumpure.us.edu.pl\/index.php\/wp-json\/wp\/v2\/users\/1"}],"replies":[{"embeddable":true,"href":"https:\/\/centrumpure.us.edu.pl\/index.php\/wp-json\/wp\/v2\/comments?post=104"}],"version-history":[{"count":10,"href":"https:\/\/centrumpure.us.edu.pl\/index.php\/wp-json\/wp\/v2\/pages\/104\/revisions"}],"predecessor-version":[{"id":121,"href":"https:\/\/centrumpure.us.edu.pl\/index.php\/wp-json\/wp\/v2\/pages\/104\/revisions\/121"}],"wp:attachment":[{"href":"https:\/\/centrumpure.us.edu.pl\/index.php\/wp-json\/wp\/v2\/media?parent=104"}],"curies":[{"name":"wp","href":"https:\/\/api.w.org\/{rel}","templated":true}]}}