{"id":13,"date":"2026-02-08T14:25:22","date_gmt":"2026-02-08T14:25:22","guid":{"rendered":"https:\/\/centrumpure.us.edu.pl\/?page_id=13"},"modified":"2026-02-08T15:23:01","modified_gmt":"2026-02-08T15:23:01","slug":"dr-hab-andrzej-torbus-prof-us","status":"publish","type":"page","link":"https:\/\/centrumpure.us.edu.pl\/index.php\/dr-hab-andrzej-torbus-prof-us\/","title":{"rendered":"dr hab. Andrzej Torbus prof. U\u015a"},"content":{"rendered":"\n<figure class=\"wp-block-image aligncenter size-large\"><img loading=\"lazy\" decoding=\"async\" width=\"1024\" height=\"562\" src=\"https:\/\/centrumpure.us.edu.pl\/wp-content\/uploads\/2026\/02\/Andrzej-Torbus-2-e1729760037576.jpg-2-1024x562.webp\" alt=\"\" class=\"wp-image-50\" srcset=\"https:\/\/centrumpure.us.edu.pl\/wp-content\/uploads\/2026\/02\/Andrzej-Torbus-2-e1729760037576.jpg-2-1024x562.webp 1024w, https:\/\/centrumpure.us.edu.pl\/wp-content\/uploads\/2026\/02\/Andrzej-Torbus-2-e1729760037576.jpg-2-300x165.webp 300w, https:\/\/centrumpure.us.edu.pl\/wp-content\/uploads\/2026\/02\/Andrzej-Torbus-2-e1729760037576.jpg-2-768x422.webp 768w, https:\/\/centrumpure.us.edu.pl\/wp-content\/uploads\/2026\/02\/Andrzej-Torbus-2-e1729760037576.jpg-2.webp 1279w\" sizes=\"auto, (max-width: 1024px) 100vw, 1024px\" \/><\/figure>\n\n\n\n<p class=\"has-text-align-center\">Mediator, wyk\u0142adowca akademicki, radca prawny. Jego zainteresowania naukowe koncentruj\u0105 si\u0119 na\u00a0tematyce post\u0119powania procesowego, mi\u0119dzynarodowego post\u0119powania cywilnego, post\u0119powania upad\u0142o\u015bciowego i\u00a0uk\u0142adowego oraz\u00a0alternatywnych metod rozwi\u0105zywania spor\u00f3w. Bra\u0142 udzia\u0142 w\u00a0projekcie Centra Arbitra\u017cu i\u00a0Mediacji \u2013 projekt pilota\u017cowy wsp\u00f3\u0142finansowanego ze\u00a0\u015brodk\u00f3w europejskich. Autor wielu publikacji z\u00a0zakresu post\u0119powania cywilnego oraz\u00a0mediacji. Pos\u0142uguje si\u0119 j\u0119zykiem niemieckim oraz\u00a0angielskim.<\/p>\n\n\n\n<p><\/p>\n","protected":false},"excerpt":{"rendered":"<p>Mediator, wyk\u0142adowca akademicki, radca prawny. Jego zainteresowania naukowe koncentruj\u0105 si\u0119 na\u00a0tematyce post\u0119powania procesowego, mi\u0119dzynarodowego post\u0119powania cywilnego, post\u0119powania upad\u0142o\u015bciowego i\u00a0uk\u0142adowego oraz\u00a0alternatywnych metod rozwi\u0105zywania spor\u00f3w. Bra\u0142 udzia\u0142 w\u00a0projekcie Centra Arbitra\u017cu i\u00a0Mediacji \u2013 projekt pilota\u017cowy wsp\u00f3\u0142finansowanego ze\u00a0\u015brodk\u00f3w europejskich. Autor wielu publikacji z\u00a0zakresu post\u0119powania cywilnego oraz\u00a0mediacji. Pos\u0142uguje si\u0119 j\u0119zykiem niemieckim oraz\u00a0angielskim.<\/p>\n","protected":false},"author":1,"featured_media":0,"parent":0,"menu_order":0,"comment_status":"closed","ping_status":"closed","template":"","meta":{"footnotes":""},"class_list":["post-13","page","type-page","status-publish","hentry"],"_links":{"self":[{"href":"https:\/\/centrumpure.us.edu.pl\/index.php\/wp-json\/wp\/v2\/pages\/13","targetHints":{"allow":["GET"]}}],"collection":[{"href":"https:\/\/centrumpure.us.edu.pl\/index.php\/wp-json\/wp\/v2\/pages"}],"about":[{"href":"https:\/\/centrumpure.us.edu.pl\/index.php\/wp-json\/wp\/v2\/types\/page"}],"author":[{"embeddable":true,"href":"https:\/\/centrumpure.us.edu.pl\/index.php\/wp-json\/wp\/v2\/users\/1"}],"replies":[{"embeddable":true,"href":"https:\/\/centrumpure.us.edu.pl\/index.php\/wp-json\/wp\/v2\/comments?post=13"}],"version-history":[{"count":2,"href":"https:\/\/centrumpure.us.edu.pl\/index.php\/wp-json\/wp\/v2\/pages\/13\/revisions"}],"predecessor-version":[{"id":51,"href":"https:\/\/centrumpure.us.edu.pl\/index.php\/wp-json\/wp\/v2\/pages\/13\/revisions\/51"}],"wp:attachment":[{"href":"https:\/\/centrumpure.us.edu.pl\/index.php\/wp-json\/wp\/v2\/media?parent=13"}],"curies":[{"name":"wp","href":"https:\/\/api.w.org\/{rel}","templated":true}]}}