{"id":14,"date":"2026-02-08T14:25:30","date_gmt":"2026-02-08T14:25:30","guid":{"rendered":"https:\/\/centrumpure.us.edu.pl\/?page_id=14"},"modified":"2026-02-08T20:18:47","modified_gmt":"2026-02-08T20:18:47","slug":"dr-jakub-plaziuk","status":"publish","type":"page","link":"https:\/\/centrumpure.us.edu.pl\/index.php\/dr-jakub-plaziuk\/","title":{"rendered":"dr Jakub P\u0142aziuk"},"content":{"rendered":"\n<figure class=\"wp-block-image size-full\"><img loading=\"lazy\" decoding=\"async\" width=\"600\" height=\"800\" src=\"https:\/\/centrumpure.us.edu.pl\/wp-content\/uploads\/2026\/02\/Plaziuk_Jakub-1.jpg\" alt=\"\" class=\"wp-image-60\" srcset=\"https:\/\/centrumpure.us.edu.pl\/wp-content\/uploads\/2026\/02\/Plaziuk_Jakub-1.jpg 600w, https:\/\/centrumpure.us.edu.pl\/wp-content\/uploads\/2026\/02\/Plaziuk_Jakub-1-225x300.jpg 225w\" sizes=\"auto, (max-width: 600px) 100vw, 600px\" \/><\/figure>\n\n\n\n<p>Dr Jakub P\u0142aziuk pe\u0142ni funkcj\u0119\u00a0Dyrektora ds. Prawnych oraz Cz\u0142onka Zarz\u0105du Dywizji w Nexteer Automotive odpowiadaj\u0105c za strategiczny nadz\u00f3r nad obszarem Europy, Bliskiego Wschodu, Afryki i Ameryki Po\u0142udniowej. W swojej roli wspiera zarz\u0105d i kluczowych interesariuszy, zapewniaj\u0105c zgodno\u015b\u0107 dzia\u0142a\u0144 biznesowych z obowi\u0105zuj\u0105cymi regulacjami oraz wsp\u00f3\u0142tworz\u0105c polityk\u0119 prawn\u0105 organizacji na poziomie mi\u0119dzynarodowym. <\/p>\n\n\n\n<p>Dr Jakub P\u0142aziuk wyr\u00f3\u017cnia si\u0119 eksperck\u0105 znajomo\u015bci\u0105 zagadnie\u0144 prawa handlowego, korporacyjnego i regulacyjnego oraz upad\u0142o\u015bciowego i restrukturyzacyjnego a tak\u017ce umiej\u0119tno\u015bci\u0105 skutecznego prowadzenia projekt\u00f3w o szerokim zasi\u0119gu geograficznym. Ceniony za analityczne podej\u015bcie, komunikacj\u0119 z partnerami biznesowymi oraz zdolno\u015b\u0107 do \u0142\u0105czenia perspektywy prawnej z celami strategicznymi firmy.<\/p>\n","protected":false},"excerpt":{"rendered":"<p>Dr Jakub P\u0142aziuk pe\u0142ni funkcj\u0119\u00a0Dyrektora ds. Prawnych oraz Cz\u0142onka Zarz\u0105du Dywizji w Nexteer Automotive odpowiadaj\u0105c za strategiczny nadz\u00f3r nad obszarem Europy, Bliskiego Wschodu, Afryki i Ameryki Po\u0142udniowej. W swojej roli wspiera zarz\u0105d i kluczowych interesariuszy, zapewniaj\u0105c zgodno\u015b\u0107 dzia\u0142a\u0144 biznesowych z obowi\u0105zuj\u0105cymi regulacjami oraz wsp\u00f3\u0142tworz\u0105c polityk\u0119 prawn\u0105 organizacji na poziomie mi\u0119dzynarodowym. Dr Jakub P\u0142aziuk wyr\u00f3\u017cnia si\u0119 [&hellip;]<\/p>\n","protected":false},"author":1,"featured_media":0,"parent":0,"menu_order":0,"comment_status":"closed","ping_status":"closed","template":"","meta":{"footnotes":""},"class_list":["post-14","page","type-page","status-publish","hentry"],"_links":{"self":[{"href":"https:\/\/centrumpure.us.edu.pl\/index.php\/wp-json\/wp\/v2\/pages\/14","targetHints":{"allow":["GET"]}}],"collection":[{"href":"https:\/\/centrumpure.us.edu.pl\/index.php\/wp-json\/wp\/v2\/pages"}],"about":[{"href":"https:\/\/centrumpure.us.edu.pl\/index.php\/wp-json\/wp\/v2\/types\/page"}],"author":[{"embeddable":true,"href":"https:\/\/centrumpure.us.edu.pl\/index.php\/wp-json\/wp\/v2\/users\/1"}],"replies":[{"embeddable":true,"href":"https:\/\/centrumpure.us.edu.pl\/index.php\/wp-json\/wp\/v2\/comments?post=14"}],"version-history":[{"count":3,"href":"https:\/\/centrumpure.us.edu.pl\/index.php\/wp-json\/wp\/v2\/pages\/14\/revisions"}],"predecessor-version":[{"id":61,"href":"https:\/\/centrumpure.us.edu.pl\/index.php\/wp-json\/wp\/v2\/pages\/14\/revisions\/61"}],"wp:attachment":[{"href":"https:\/\/centrumpure.us.edu.pl\/index.php\/wp-json\/wp\/v2\/media?parent=14"}],"curies":[{"name":"wp","href":"https:\/\/api.w.org\/{rel}","templated":true}]}}