{"id":9,"date":"2026-02-08T14:26:02","date_gmt":"2026-02-08T14:26:02","guid":{"rendered":"https:\/\/centrumpure.us.edu.pl\/?page_id=9"},"modified":"2026-02-08T20:20:54","modified_gmt":"2026-02-08T20:20:54","slug":"o-nas","status":"publish","type":"page","link":"https:\/\/centrumpure.us.edu.pl\/index.php\/o-nas\/","title":{"rendered":"O nas"},"content":{"rendered":"\n<p class=\"has-x-large-font-size\">Nasza wizja<\/p>\n\n\n\n<p><strong>Centrum Bada\u0144 nad Prawem Upad\u0142o\u015bciowym Restrukturyzacyjnym i Egzekucyjnym aspiruje do pozycji wiod\u0105cego o\u015brodka eksperckiego w Polsce i Europie \u015arodkowo\u2011Wschodniej, uznawanego za autorytet w dziedzinie prawa upad\u0142o\u015bciowego, restrukturyzacyjnego i egzekucyjnego.<\/strong><br>Wizj\u0105 Centrum jest kszta\u0142towanie przysz\u0142o\u015bci tych obszar\u00f3w prawa poprzez:<\/p>\n\n\n\n<ul class=\"wp-block-list\">\n<li><strong>tworzenie bada\u0144 o wysokim wp\u0142ywie na praktyk\u0119 gospodarcz\u0105 i wymiar sprawiedliwo\u015bci<\/strong>,<\/li>\n\n\n\n<li><strong>projektowanie i rekomendowanie zmian legislacyjnych opartych na rzetelnych analizach empirycznych<\/strong>,<\/li>\n\n\n\n<li><strong>rozwijanie edukacji specjalistycznej<\/strong>\u00a0dla profesjonalist\u00f3w rynku,<\/li>\n\n\n\n<li><strong>wspieranie innowacji<\/strong>\u00a0w zarz\u0105dzaniu kryzysowym przedsi\u0119biorstw, w tym rozwi\u0105za\u0144 cyfrowych,<\/li>\n\n\n\n<li><strong>Zapewnienie eksperckich rozwi\u0105za\u0144 <\/strong>dla partner\u00f3w biznesowych<\/li>\n\n\n\n<li><strong>budowanie platformy dialogu<\/strong>\u00a0pomi\u0119dzy nauk\u0105, praktyk\u0105 i instytucjami publicznymi.<\/li>\n<\/ul>\n","protected":false},"excerpt":{"rendered":"<p>Nasza wizja Centrum Bada\u0144 nad Prawem Upad\u0142o\u015bciowym Restrukturyzacyjnym i Egzekucyjnym aspiruje do pozycji wiod\u0105cego o\u015brodka eksperckiego w Polsce i Europie \u015arodkowo\u2011Wschodniej, uznawanego za autorytet w dziedzinie prawa upad\u0142o\u015bciowego, restrukturyzacyjnego i egzekucyjnego.Wizj\u0105 Centrum jest kszta\u0142towanie przysz\u0142o\u015bci tych obszar\u00f3w prawa poprzez:<\/p>\n","protected":false},"author":1,"featured_media":0,"parent":0,"menu_order":0,"comment_status":"closed","ping_status":"closed","template":"","meta":{"footnotes":""},"class_list":["post-9","page","type-page","status-publish","hentry"],"_links":{"self":[{"href":"https:\/\/centrumpure.us.edu.pl\/index.php\/wp-json\/wp\/v2\/pages\/9","targetHints":{"allow":["GET"]}}],"collection":[{"href":"https:\/\/centrumpure.us.edu.pl\/index.php\/wp-json\/wp\/v2\/pages"}],"about":[{"href":"https:\/\/centrumpure.us.edu.pl\/index.php\/wp-json\/wp\/v2\/types\/page"}],"author":[{"embeddable":true,"href":"https:\/\/centrumpure.us.edu.pl\/index.php\/wp-json\/wp\/v2\/users\/1"}],"replies":[{"embeddable":true,"href":"https:\/\/centrumpure.us.edu.pl\/index.php\/wp-json\/wp\/v2\/comments?post=9"}],"version-history":[{"count":3,"href":"https:\/\/centrumpure.us.edu.pl\/index.php\/wp-json\/wp\/v2\/pages\/9\/revisions"}],"predecessor-version":[{"id":63,"href":"https:\/\/centrumpure.us.edu.pl\/index.php\/wp-json\/wp\/v2\/pages\/9\/revisions\/63"}],"wp:attachment":[{"href":"https:\/\/centrumpure.us.edu.pl\/index.php\/wp-json\/wp\/v2\/media?parent=9"}],"curies":[{"name":"wp","href":"https:\/\/api.w.org\/{rel}","templated":true}]}}